{"id":14,"date":"2016-02-19T09:13:30","date_gmt":"2016-02-19T08:13:30","guid":{"rendered":"http:\/\/epinfrastructure.cz\/?page_id=14"},"modified":"2020-05-06T09:58:24","modified_gmt":"2020-05-06T08:58:24","slug":"contact","status":"publish","type":"page","link":"https:\/\/www.epinfrastructure.cz\/en\/contact\/","title":{"rendered":"Contact"},"content":{"rendered":"<h2>EP Infrastructure, a.s.<\/h2>\n<p>Contact address:<br \/>\nPa\u0159\u00ed\u017esk\u00e1 130\/26<br \/>\n110\u00a000\u00a0 Prague 1<br \/>\n<a href=\"https:\/\/www.google.cz\/maps\/place\/Pa%C5%99%C3%AD%C5%BEsk%C3%A1+130%2F26,+Josefov,+110+00+Praha-Praha+1\/@50.0904751,14.4168614,17z\/data=!3m1!4b1!4m2!3m1!1s0x470b94e8156727cb:0xf5238c1724c2453b\" target=\"_blank\" rel=\"noopener noreferrer\">map<\/a><\/p>\n<p>tel.: +420 232 005 200<br \/>\nmob.: + 420 603\u00a0555\u00a0567<br \/>\ne-mail: <a href=\"mailto:investorrelations@epinfrastructure.cz\" target=\"_blank\" rel=\"noopener noreferrer\">investorrelations@epinfrastructure.cz<\/a><br \/>\n<a href=\"http:\/\/www.epinfrastructure.cz\" target=\"_blank\" rel=\"noopener noreferrer\">www.epinfrastructure.cz<\/a><\/p>\n<p>Company No.:\u00a02413507<br \/>\nIncorporated in the Companies Register maintained<br \/>\nby the Municipal\u00a0Court in Prague, Section B, File 21608<br \/>\nLocated in Prague, 110 00, Pa\u0159\u00ed\u017esk\u00e1 130\/26<\/p>\n","protected":false},"excerpt":{"rendered":"<p>EP Infrastructure, a.s. Contact address: Pa\u0159\u00ed\u017esk\u00e1 130\/26 110\u00a000\u00a0 Prague 1 map tel.: +420 232 005 200 mob.: + 420 603\u00a0555\u00a0567 e-mail: investorrelations@epinfrastructure.cz www.epinfrastructure.cz Company No.:\u00a02413507 Incorporated in the Companies Register maintained by the Municipal\u00a0Court in Prague, Section B, File 21608 Located in Prague, 110 00, Pa\u0159\u00ed\u017esk\u00e1 130\/26<\/p>\n","protected":false},"author":12,"featured_media":356,"parent":0,"menu_order":26,"comment_status":"closed","ping_status":"closed","template":"tpl-full-width-nejnizsi.php","meta":[],"acf":[],"aioseo_notices":[],"_links":{"self":[{"href":"https:\/\/www.epinfrastructure.cz\/en\/wp-json\/wp\/v2\/pages\/14"}],"collection":[{"href":"https:\/\/www.epinfrastructure.cz\/en\/wp-json\/wp\/v2\/pages"}],"about":[{"href":"https:\/\/www.epinfrastructure.cz\/en\/wp-json\/wp\/v2\/types\/page"}],"author":[{"embeddable":true,"href":"https:\/\/www.epinfrastructure.cz\/en\/wp-json\/wp\/v2\/users\/12"}],"replies":[{"embeddable":true,"href":"https:\/\/www.epinfrastructure.cz\/en\/wp-json\/wp\/v2\/comments?post=14"}],"version-history":[{"count":42,"href":"https:\/\/www.epinfrastructure.cz\/en\/wp-json\/wp\/v2\/pages\/14\/revisions"}],"predecessor-version":[{"id":2590,"href":"https:\/\/www.epinfrastructure.cz\/en\/wp-json\/wp\/v2\/pages\/14\/revisions\/2590"}],"wp:featuredmedia":[{"embeddable":true,"href":"https:\/\/www.epinfrastructure.cz\/en\/wp-json\/wp\/v2\/media\/356"}],"wp:attachment":[{"href":"https:\/\/www.epinfrastructure.cz\/en\/wp-json\/wp\/v2\/media?parent=14"}],"curies":[{"name":"wp","href":"https:\/\/api.w.org\/{rel}","templated":true}]}}