{"id":1711,"date":"2016-10-12T10:01:05","date_gmt":"2016-10-12T09:01:05","guid":{"rendered":"http:\/\/www.epinfrastructure.cz\/en\/prehled-vyberovych-rizeni\/"},"modified":"2016-10-12T10:17:46","modified_gmt":"2016-10-12T09:17:46","slug":"tender-overview","status":"publish","type":"page","link":"https:\/\/www.epinfrastructure.cz\/en\/tender-overview\/","title":{"rendered":"Tender overview"},"content":{"rendered":"<p class=\"p1\"><span class=\"s1\">Tenders organized by EP Infrastructure companies are published on web pages of Energetick\u00fd a pr\u016fmyslov\u00fd holding (EPH).<\/span><\/p>\n<p class=\"p1\"><span class=\"s1\">By clicking at the button below, you will be redirected via new window on EPH pages, Supplier section, Tender overview.<\/span><\/p>\n<p>&nbsp;<\/p>\n<p class=\"p1\" style=\"text-align: center;\"><a class=\"btn btn-default\" href=\"http:\/\/www.epholding.cz\/en\/tenders\/\" target=\"_blank\">EPH Tender overview<\/a><\/p>\n","protected":false},"excerpt":{"rendered":"<p>Tenders organized by EP Infrastructure companies are published on web pages of Energetick\u00fd a pr\u016fmyslov\u00fd holding (EPH). By clicking at the button below, you will be redirected via new window on EPH pages, Supplier section, Tender overview. &nbsp; EPH Tender overview<\/p>\n","protected":false},"author":12,"featured_media":1701,"parent":0,"menu_order":14,"comment_status":"closed","ping_status":"closed","template":"tpl-full-width-nejnizsi.php","meta":[],"acf":[],"aioseo_notices":[],"_links":{"self":[{"href":"https:\/\/www.epinfrastructure.cz\/en\/wp-json\/wp\/v2\/pages\/1711"}],"collection":[{"href":"https:\/\/www.epinfrastructure.cz\/en\/wp-json\/wp\/v2\/pages"}],"about":[{"href":"https:\/\/www.epinfrastructure.cz\/en\/wp-json\/wp\/v2\/types\/page"}],"author":[{"embeddable":true,"href":"https:\/\/www.epinfrastructure.cz\/en\/wp-json\/wp\/v2\/users\/12"}],"replies":[{"embeddable":true,"href":"https:\/\/www.epinfrastructure.cz\/en\/wp-json\/wp\/v2\/comments?post=1711"}],"version-history":[{"count":2,"href":"https:\/\/www.epinfrastructure.cz\/en\/wp-json\/wp\/v2\/pages\/1711\/revisions"}],"predecessor-version":[{"id":1713,"href":"https:\/\/www.epinfrastructure.cz\/en\/wp-json\/wp\/v2\/pages\/1711\/revisions\/1713"}],"wp:featuredmedia":[{"embeddable":true,"href":"https:\/\/www.epinfrastructure.cz\/en\/wp-json\/wp\/v2\/media\/1701"}],"wp:attachment":[{"href":"https:\/\/www.epinfrastructure.cz\/en\/wp-json\/wp\/v2\/media?parent=1711"}],"curies":[{"name":"wp","href":"https:\/\/api.w.org\/{rel}","templated":true}]}}